{"id":4092,"date":"2021-12-17T15:24:09","date_gmt":"2021-12-17T14:24:09","guid":{"rendered":"https:\/\/www.monomstudio.fr\/?page_id=4092"},"modified":"2021-12-17T15:49:00","modified_gmt":"2021-12-17T14:49:00","slug":"mentions-legales","status":"publish","type":"page","link":"https:\/\/www.monomstudio.fr\/?page_id=4092","title":{"rendered":"Mentions L\u00e9gales"},"content":{"rendered":"\n<h4 class=\"wp-block-heading\">CR\u00c9ATION DU SITE<\/h4>\n\n\n\n<ul><li><strong>Graphisme, d\u00e9veloppement et int\u00e9gration :<\/strong>\u00a0<a href=\"https:\/\/www.esb-studio.fr\" target=\"_blank\" rel=\"noreferrer noopener\">Sarah Bouchir &#8211; \u00c8S.B Studio<\/a><\/li><li><strong>Cr\u00e9dit photos :<\/strong>\u00a0Laetitia Cl\u00e9ment, photographe Rennes et Cyril Folliot, photographe Dinard<\/li><\/ul>\n\n\n\n<h4 class=\"wp-block-heading\">CONDITIONS G\u00c9N\u00c9RALES D\u2019UTILISATION<\/h4>\n\n\n\n<p>Ce site web est un site d\u2019informations g\u00e9n\u00e9rales en langue fran\u00e7aise.<br class=\"\">Les informations diffus\u00e9es sur le site (textes, graphiques, photos, simulations, indications, \u2026) ont un caract\u00e8re purement informatif et ne sont donn\u00e9es qu&rsquo;\u00e0 titre indicatif. Malgr\u00e9 tout le soin apport\u00e9 \u00e0 sa r\u00e9alisation et \u00e0 son exactitude, ce site ne peut pas constituer un document contractuel et ne saurait fonder une quelconque r\u00e9clamation.<br class=\"\">L&rsquo;acc\u00e8s au site est libre et anonyme.<br class=\"\">L&rsquo;utilisateur reconna\u00eet avoir pris connaissance des pr\u00e9sentes CGU et d\u00e9clare les accepter sans restriction ni r\u00e9serve.<\/p>\n\n\n\n<h4 class=\"wp-block-heading\">PROPRI\u00c9T\u00c9 INTELLECTUELLE ET COPYRIGHT<\/h4>\n\n\n\n<p>L&rsquo;ensemble des \u00e9l\u00e9ments du site (textes, photographies, documents&#8230;) sont, sauf dispositions contraires, la propri\u00e9t\u00e9 intellectuelle exclusive de Monom. Par cons\u00e9quent, toute reproduction, repr\u00e9sentation, transmission, diffusion, partielle ou totale, est interdite selon les termes de l&rsquo;article L. 122-4 du CPI sous r\u00e9serve des exceptions pr\u00e9vues \u00e0 l&rsquo;article L. 122-5 du CPI. Toute utilisation de donn\u00e9es figurant sur ce site n\u00e9cessite une autorisation pr\u00e9alable et expresse. A d\u00e9faut, le d\u00e9lit de contrefa\u00e7on constitu\u00e9 est sanctionn\u00e9 sur le fondement des articles L. 335-2 et suivants du CPI.<br class=\"\">Pour toute exploitation autoris\u00e9e de tout ou partie du contenu du site, faire figurer le nom de l&rsquo;auteur, ses qualit\u00e9s, l&rsquo;ann\u00e9e de publication et la source.<\/p>\n\n\n\n<h4 class=\"wp-block-heading\">LIENS HYPERTEXTES<\/h4>\n\n\n\n<p>L&rsquo;\u00e9diteur ne saurait engager sa responsabilit\u00e9 sur le contenu des informations figurant sur les pages auxquelles les liens hypertextes du pr\u00e9sent site renvoient.<\/p>\n\n\n\n<h4 class=\"wp-block-heading\">DROIT D\u2019ACC\u00c8S<\/h4>\n\n\n\n<p>Conform\u00e9ment au chapitre V de la loi \u00ab\u00a0Informatique et Libert\u00e9s\u00a0\u00bb du 6 janvier 1978 (modifi\u00e9e par la loi n\u00b0 2004-801 du 6 ao\u00fbt 2004 relative \u00e0 l&rsquo;informatique, aux fichiers et aux libert\u00e9s), vous disposez d&rsquo;un droit d&rsquo;acc\u00e8s \u00e0 vos informations personnelles.<\/p>\n\n\n\n<p>Le propri\u00e9taire du site est la soci\u00e9t\u00e9e Les Monomanies situ\u00e9e au 29 rue Paul Bert 35000 Rennes, Siret: 83280823200017.<\/p>\n\n\n\n<p>Vous b\u00e9n\u00e9ficiez \u00e9galement d\u2019un droit de rectification, d\u2019effacement et de limitation du traitement de vos donn\u00e9es dans une certaine mesure, ainsi que du droit \u00e0 la portabilit\u00e9 de vos donn\u00e9es.<\/p>\n\n\n\n<p>Vous disposez en outre d\u2019un droit d\u2019opposition \u00e0 ce que les donn\u00e9es \u00e0 caract\u00e8re personnel vous concernant fassent l\u2019objet d\u2019un traitement, et d\u2019un droit d\u2019opposition \u00e0 ce que vos donn\u00e9es soient utilis\u00e9es \u00e0 des fins de prospection notamment commerciale.<\/p>\n\n\n\n<p>Vous disposez \u00e9galement du droit de d\u00e9finir des directives g\u00e9n\u00e9rales et\/ou particuli\u00e8res relatives au sort de vos donn\u00e9es \u00e0 caract\u00e8re personnel et \u00e0 la mani\u00e8re dont vous souhaitez que vos droits soient exerc\u00e9s apr\u00e8s votre d\u00e9c\u00e8s. A cet \u00e9gard, en cas de d\u00e9c\u00e8s qui serait port\u00e9 \u00e0 notre connaissance, vos donn\u00e9es seront supprim\u00e9es, sauf n\u00e9cessit\u00e9 de conservation pendant une dur\u00e9e d\u00e9termin\u00e9e pour des motifs tenant \u00e0 nos obligations l\u00e9gales et r\u00e9glementaires et\/ou aux d\u00e9lais l\u00e9gaux de prescription, et apr\u00e8s le cas \u00e9ch\u00e9ant avoir \u00e9t\u00e9 communiqu\u00e9es \u00e0 un tiers \u00e9ventuellement d\u00e9sign\u00e9 par vos soins.<\/p>\n\n\n\n<p>Toutes demandes tendant \u00e0 l\u2019exercice de ces droits, ainsi que toutes demandes d\u2019information concernant la protection des donn\u00e9es \u00e0 caract\u00e8re personnel, doivent \u00eatre effectu\u00e9s par courrier adress\u00e9 \u00e0 Monom Studio, 29 rue Paul Bert 35000 Rennes.<\/p>\n\n\n\n<p>Dans un souci de confidentialit\u00e9 et de protection de vos donn\u00e9es personnelles, nous devons nous assurer de votre identit\u00e9 avant de r\u00e9pondre \u00e0 une telle demande. Aussi, toute demande tendant \u00e0 l\u2019exercice de ces droits devra \u00eatre accompagn\u00e9e d\u2019une copie d\u2019un titre d\u2019identit\u00e9 sign\u00e9.<\/p>\n","protected":false},"excerpt":{"rendered":"<p>CR\u00c9ATION DU SITE Graphisme, d\u00e9veloppement et int\u00e9gration :\u00a0Sarah Bouchir &#8211; \u00c8S.B Studio Cr\u00e9dit photos :\u00a0Laetitia Cl\u00e9ment, photographe Rennes et Cyril Folliot, photographe Dinard CONDITIONS G\u00c9N\u00c9RALES D\u2019UTILISATION Ce site web est un site d\u2019informations g\u00e9n\u00e9rales en langue fran\u00e7aise.Les informations diffus\u00e9es sur le site (textes, graphiques, photos, [&hellip;]<\/p>\n","protected":false},"author":2,"featured_media":0,"parent":0,"menu_order":0,"comment_status":"closed","ping_status":"closed","template":"","meta":[],"yoast_head":"<!-- This site is optimized with the Yoast SEO plugin v21.1 - https:\/\/yoast.com\/wordpress\/plugins\/seo\/ -->\n<title>Mentions L\u00e9gales - Monom<\/title>\n<meta name=\"robots\" content=\"index, follow, max-snippet:-1, max-image-preview:large, max-video-preview:-1\" \/>\n<link rel=\"canonical\" href=\"https:\/\/www.monomstudio.fr\/?page_id=4092\" \/>\n<meta property=\"og:locale\" content=\"fr_FR\" \/>\n<meta property=\"og:type\" content=\"article\" \/>\n<meta property=\"og:title\" content=\"Mentions L\u00e9gales - Monom\" \/>\n<meta property=\"og:description\" content=\"CR\u00c9ATION DU SITE Graphisme, d\u00e9veloppement et int\u00e9gration :\u00a0Sarah Bouchir &#8211; \u00c8S.B Studio Cr\u00e9dit photos :\u00a0Laetitia Cl\u00e9ment, photographe Rennes et Cyril Folliot, photographe Dinard CONDITIONS G\u00c9N\u00c9RALES D\u2019UTILISATION Ce site web est un site d\u2019informations g\u00e9n\u00e9rales en langue fran\u00e7aise.Les informations diffus\u00e9es sur le site (textes, graphiques, photos, [&hellip;]\" \/>\n<meta property=\"og:url\" content=\"https:\/\/www.monomstudio.fr\/?page_id=4092\" \/>\n<meta property=\"og:site_name\" content=\"Monom\" \/>\n<meta property=\"article:publisher\" content=\"https:\/\/www.facebook.com\/MONOM.Rennes\" \/>\n<meta property=\"article:modified_time\" content=\"2021-12-17T14:49:00+00:00\" \/>\n<meta property=\"og:image\" content=\"https:\/\/www.monomstudio.fr\/wp-content\/uploads\/2021\/06\/Capture-de\u0301cran-2021-06-09-a\u0300-14.18.29.png\" \/>\n\t<meta property=\"og:image:width\" content=\"1555\" \/>\n\t<meta property=\"og:image:height\" content=\"694\" \/>\n\t<meta property=\"og:image:type\" content=\"image\/png\" \/>\n<meta name=\"twitter:card\" content=\"summary_large_image\" \/>\n<meta name=\"twitter:label1\" content=\"Dur\u00e9e de lecture estim\u00e9e\" \/>\n\t<meta name=\"twitter:data1\" content=\"3 minutes\" \/>\n<script type=\"application\/ld+json\" class=\"yoast-schema-graph\">{\"@context\":\"https:\/\/schema.org\",\"@graph\":[{\"@type\":\"WebPage\",\"@id\":\"https:\/\/www.monomstudio.fr\/?page_id=4092\",\"url\":\"https:\/\/www.monomstudio.fr\/?page_id=4092\",\"name\":\"Mentions L\u00e9gales - Monom\",\"isPartOf\":{\"@id\":\"https:\/\/www.monomstudio.fr\/#website\"},\"datePublished\":\"2021-12-17T14:24:09+00:00\",\"dateModified\":\"2021-12-17T14:49:00+00:00\",\"breadcrumb\":{\"@id\":\"https:\/\/www.monomstudio.fr\/?page_id=4092#breadcrumb\"},\"inLanguage\":\"fr-FR\",\"potentialAction\":[{\"@type\":\"ReadAction\",\"target\":[\"https:\/\/www.monomstudio.fr\/?page_id=4092\"]}]},{\"@type\":\"BreadcrumbList\",\"@id\":\"https:\/\/www.monomstudio.fr\/?page_id=4092#breadcrumb\",\"itemListElement\":[{\"@type\":\"ListItem\",\"position\":1,\"name\":\"Accueil\",\"item\":\"https:\/\/www.monomstudio.fr\/\"},{\"@type\":\"ListItem\",\"position\":2,\"name\":\"Mentions L\u00e9gales\"}]},{\"@type\":\"WebSite\",\"@id\":\"https:\/\/www.monomstudio.fr\/#website\",\"url\":\"https:\/\/www.monomstudio.fr\/\",\"name\":\"Monom\",\"description\":\"Architecture d\u2019int\u00e9rieur \u00b7 Mobilier sur-mesure \u00b7 Conseil en d\u00e9coration\",\"potentialAction\":[{\"@type\":\"SearchAction\",\"target\":{\"@type\":\"EntryPoint\",\"urlTemplate\":\"https:\/\/www.monomstudio.fr\/?s={search_term_string}\"},\"query-input\":\"required name=search_term_string\"}],\"inLanguage\":\"fr-FR\"}]}<\/script>\n<!-- \/ Yoast SEO plugin. -->","yoast_head_json":{"title":"Mentions L\u00e9gales - Monom","robots":{"index":"index","follow":"follow","max-snippet":"max-snippet:-1","max-image-preview":"max-image-preview:large","max-video-preview":"max-video-preview:-1"},"canonical":"https:\/\/www.monomstudio.fr\/?page_id=4092","og_locale":"fr_FR","og_type":"article","og_title":"Mentions L\u00e9gales - Monom","og_description":"CR\u00c9ATION DU SITE Graphisme, d\u00e9veloppement et int\u00e9gration :\u00a0Sarah Bouchir &#8211; \u00c8S.B Studio Cr\u00e9dit photos :\u00a0Laetitia Cl\u00e9ment, photographe Rennes et Cyril Folliot, photographe Dinard CONDITIONS G\u00c9N\u00c9RALES D\u2019UTILISATION Ce site web est un site d\u2019informations g\u00e9n\u00e9rales en langue fran\u00e7aise.Les informations diffus\u00e9es sur le site (textes, graphiques, photos, [&hellip;]","og_url":"https:\/\/www.monomstudio.fr\/?page_id=4092","og_site_name":"Monom","article_publisher":"https:\/\/www.facebook.com\/MONOM.Rennes","article_modified_time":"2021-12-17T14:49:00+00:00","og_image":[{"width":1555,"height":694,"url":"https:\/\/www.monomstudio.fr\/wp-content\/uploads\/2021\/06\/Capture-de\u0301cran-2021-06-09-a\u0300-14.18.29.png","type":"image\/png"}],"twitter_card":"summary_large_image","twitter_misc":{"Dur\u00e9e de lecture estim\u00e9e":"3 minutes"},"schema":{"@context":"https:\/\/schema.org","@graph":[{"@type":"WebPage","@id":"https:\/\/www.monomstudio.fr\/?page_id=4092","url":"https:\/\/www.monomstudio.fr\/?page_id=4092","name":"Mentions L\u00e9gales - Monom","isPartOf":{"@id":"https:\/\/www.monomstudio.fr\/#website"},"datePublished":"2021-12-17T14:24:09+00:00","dateModified":"2021-12-17T14:49:00+00:00","breadcrumb":{"@id":"https:\/\/www.monomstudio.fr\/?page_id=4092#breadcrumb"},"inLanguage":"fr-FR","potentialAction":[{"@type":"ReadAction","target":["https:\/\/www.monomstudio.fr\/?page_id=4092"]}]},{"@type":"BreadcrumbList","@id":"https:\/\/www.monomstudio.fr\/?page_id=4092#breadcrumb","itemListElement":[{"@type":"ListItem","position":1,"name":"Accueil","item":"https:\/\/www.monomstudio.fr\/"},{"@type":"ListItem","position":2,"name":"Mentions L\u00e9gales"}]},{"@type":"WebSite","@id":"https:\/\/www.monomstudio.fr\/#website","url":"https:\/\/www.monomstudio.fr\/","name":"Monom","description":"Architecture d\u2019int\u00e9rieur \u00b7 Mobilier sur-mesure \u00b7 Conseil en d\u00e9coration","potentialAction":[{"@type":"SearchAction","target":{"@type":"EntryPoint","urlTemplate":"https:\/\/www.monomstudio.fr\/?s={search_term_string}"},"query-input":"required name=search_term_string"}],"inLanguage":"fr-FR"}]}},"_links":{"self":[{"href":"https:\/\/www.monomstudio.fr\/index.php?rest_route=\/wp\/v2\/pages\/4092"}],"collection":[{"href":"https:\/\/www.monomstudio.fr\/index.php?rest_route=\/wp\/v2\/pages"}],"about":[{"href":"https:\/\/www.monomstudio.fr\/index.php?rest_route=\/wp\/v2\/types\/page"}],"author":[{"embeddable":true,"href":"https:\/\/www.monomstudio.fr\/index.php?rest_route=\/wp\/v2\/users\/2"}],"replies":[{"embeddable":true,"href":"https:\/\/www.monomstudio.fr\/index.php?rest_route=%2Fwp%2Fv2%2Fcomments&post=4092"}],"version-history":[{"count":3,"href":"https:\/\/www.monomstudio.fr\/index.php?rest_route=\/wp\/v2\/pages\/4092\/revisions"}],"predecessor-version":[{"id":4098,"href":"https:\/\/www.monomstudio.fr\/index.php?rest_route=\/wp\/v2\/pages\/4092\/revisions\/4098"}],"wp:attachment":[{"href":"https:\/\/www.monomstudio.fr\/index.php?rest_route=%2Fwp%2Fv2%2Fmedia&parent=4092"}],"curies":[{"name":"wp","href":"https:\/\/api.w.org\/{rel}","templated":true}]}}